{"id":2,"date":"2021-07-30T19:37:00","date_gmt":"2021-07-30T17:37:00","guid":{"rendered":"http:\/\/elpoderdelasasociaciones.org\/laboheme\/?page_id=2"},"modified":"2024-09-15T11:41:07","modified_gmt":"2024-09-15T09:41:07","slug":"pagina-ejemplo","status":"publish","type":"page","link":"https:\/\/elpoderdelasasociaciones.org\/laboheme\/pagina-ejemplo\/","title":{"rendered":"Fotos"},"content":{"rendered":"\n<div class=\"wp-block-group\"><div class=\"wp-block-group__inner-container is-layout-flow wp-block-group-is-layout-flow\">\n<p>LA PARTIDA<\/p>\n\n\n\n<figure class=\"wp-block-gallery aligncenter has-nested-images columns-3 is-cropped wp-block-gallery-1 is-layout-flex wp-block-gallery-is-layout-flex\">\n<figure class=\"wp-block-image size-large\"><img loading=\"lazy\" decoding=\"async\" width=\"576\" height=\"1024\" data-id=\"57\" src=\"http:\/\/elpoderdelasasociaciones.org\/laboheme\/wp-content\/uploads\/2021\/10\/F1EF6830-631C-4B74-88C4-BE22273E9E58-576x1024.jpg\" alt=\"\" class=\"wp-image-57\" srcset=\"https:\/\/elpoderdelasasociaciones.org\/laboheme\/wp-content\/uploads\/2021\/10\/F1EF6830-631C-4B74-88C4-BE22273E9E58-576x1024.jpg 576w, https:\/\/elpoderdelasasociaciones.org\/laboheme\/wp-content\/uploads\/2021\/10\/F1EF6830-631C-4B74-88C4-BE22273E9E58-169x300.jpg 169w, https:\/\/elpoderdelasasociaciones.org\/laboheme\/wp-content\/uploads\/2021\/10\/F1EF6830-631C-4B74-88C4-BE22273E9E58-768x1365.jpg 768w, https:\/\/elpoderdelasasociaciones.org\/laboheme\/wp-content\/uploads\/2021\/10\/F1EF6830-631C-4B74-88C4-BE22273E9E58-865x1536.jpg 865w, https:\/\/elpoderdelasasociaciones.org\/laboheme\/wp-content\/uploads\/2021\/10\/F1EF6830-631C-4B74-88C4-BE22273E9E58-1153x2048.jpg 1153w, https:\/\/elpoderdelasasociaciones.org\/laboheme\/wp-content\/uploads\/2021\/10\/F1EF6830-631C-4B74-88C4-BE22273E9E58-108x192.jpg 108w, https:\/\/elpoderdelasasociaciones.org\/laboheme\/wp-content\/uploads\/2021\/10\/F1EF6830-631C-4B74-88C4-BE22273E9E58-scaled.jpg 1441w\" sizes=\"auto, (max-width: 576px) 100vw, 576px\" \/><figcaption class=\"wp-element-caption\">Salida desde Soccoa<\/figcaption><\/figure>\n\n\n\n<figure class=\"wp-block-image size-large\"><img loading=\"lazy\" decoding=\"async\" width=\"576\" height=\"1024\" data-id=\"55\" src=\"http:\/\/elpoderdelasasociaciones.org\/laboheme\/wp-content\/uploads\/2021\/10\/7CC566FE-69BD-4749-8CAB-14EA53C5C0CF-576x1024.jpg\" alt=\"\" class=\"wp-image-55\" srcset=\"https:\/\/elpoderdelasasociaciones.org\/laboheme\/wp-content\/uploads\/2021\/10\/7CC566FE-69BD-4749-8CAB-14EA53C5C0CF-576x1024.jpg 576w, https:\/\/elpoderdelasasociaciones.org\/laboheme\/wp-content\/uploads\/2021\/10\/7CC566FE-69BD-4749-8CAB-14EA53C5C0CF-169x300.jpg 169w, https:\/\/elpoderdelasasociaciones.org\/laboheme\/wp-content\/uploads\/2021\/10\/7CC566FE-69BD-4749-8CAB-14EA53C5C0CF-768x1365.jpg 768w, https:\/\/elpoderdelasasociaciones.org\/laboheme\/wp-content\/uploads\/2021\/10\/7CC566FE-69BD-4749-8CAB-14EA53C5C0CF-865x1536.jpg 865w, https:\/\/elpoderdelasasociaciones.org\/laboheme\/wp-content\/uploads\/2021\/10\/7CC566FE-69BD-4749-8CAB-14EA53C5C0CF-1153x2048.jpg 1153w, https:\/\/elpoderdelasasociaciones.org\/laboheme\/wp-content\/uploads\/2021\/10\/7CC566FE-69BD-4749-8CAB-14EA53C5C0CF-108x192.jpg 108w, https:\/\/elpoderdelasasociaciones.org\/laboheme\/wp-content\/uploads\/2021\/10\/7CC566FE-69BD-4749-8CAB-14EA53C5C0CF-scaled.jpg 1441w\" sizes=\"auto, (max-width: 576px) 100vw, 576px\" \/><figcaption class=\"wp-element-caption\">La Boheme de frente el primer d\u00eda<\/figcaption><\/figure>\n\n\n\n<figure class=\"wp-block-image size-large\"><img loading=\"lazy\" decoding=\"async\" width=\"576\" height=\"1024\" data-id=\"56\" src=\"http:\/\/elpoderdelasasociaciones.org\/laboheme\/wp-content\/uploads\/2021\/10\/62474BD9-4497-416D-93D5-F4C21FFB360B-576x1024.jpg\" alt=\"\" class=\"wp-image-56\" srcset=\"https:\/\/elpoderdelasasociaciones.org\/laboheme\/wp-content\/uploads\/2021\/10\/62474BD9-4497-416D-93D5-F4C21FFB360B-576x1024.jpg 576w, https:\/\/elpoderdelasasociaciones.org\/laboheme\/wp-content\/uploads\/2021\/10\/62474BD9-4497-416D-93D5-F4C21FFB360B-169x300.jpg 169w, https:\/\/elpoderdelasasociaciones.org\/laboheme\/wp-content\/uploads\/2021\/10\/62474BD9-4497-416D-93D5-F4C21FFB360B-768x1365.jpg 768w, https:\/\/elpoderdelasasociaciones.org\/laboheme\/wp-content\/uploads\/2021\/10\/62474BD9-4497-416D-93D5-F4C21FFB360B-865x1536.jpg 865w, https:\/\/elpoderdelasasociaciones.org\/laboheme\/wp-content\/uploads\/2021\/10\/62474BD9-4497-416D-93D5-F4C21FFB360B-1153x2048.jpg 1153w, https:\/\/elpoderdelasasociaciones.org\/laboheme\/wp-content\/uploads\/2021\/10\/62474BD9-4497-416D-93D5-F4C21FFB360B-108x192.jpg 108w, https:\/\/elpoderdelasasociaciones.org\/laboheme\/wp-content\/uploads\/2021\/10\/62474BD9-4497-416D-93D5-F4C21FFB360B-scaled.jpg 1441w\" sizes=\"auto, (max-width: 576px) 100vw, 576px\" \/><figcaption class=\"wp-element-caption\">El primer arranque<\/figcaption><\/figure>\n\n\n\n<figure class=\"wp-block-image size-large\"><img loading=\"lazy\" decoding=\"async\" width=\"576\" height=\"1024\" data-id=\"62\" src=\"http:\/\/elpoderdelasasociaciones.org\/laboheme\/wp-content\/uploads\/2021\/10\/FD161514-1A15-4F10-BB8F-CD5800FDACBE-576x1024.jpg\" alt=\"\" class=\"wp-image-62\" srcset=\"https:\/\/elpoderdelasasociaciones.org\/laboheme\/wp-content\/uploads\/2021\/10\/FD161514-1A15-4F10-BB8F-CD5800FDACBE-576x1024.jpg 576w, https:\/\/elpoderdelasasociaciones.org\/laboheme\/wp-content\/uploads\/2021\/10\/FD161514-1A15-4F10-BB8F-CD5800FDACBE-169x300.jpg 169w, https:\/\/elpoderdelasasociaciones.org\/laboheme\/wp-content\/uploads\/2021\/10\/FD161514-1A15-4F10-BB8F-CD5800FDACBE-768x1365.jpg 768w, https:\/\/elpoderdelasasociaciones.org\/laboheme\/wp-content\/uploads\/2021\/10\/FD161514-1A15-4F10-BB8F-CD5800FDACBE-864x1536.jpg 864w, https:\/\/elpoderdelasasociaciones.org\/laboheme\/wp-content\/uploads\/2021\/10\/FD161514-1A15-4F10-BB8F-CD5800FDACBE-1152x2048.jpg 1152w, https:\/\/elpoderdelasasociaciones.org\/laboheme\/wp-content\/uploads\/2021\/10\/FD161514-1A15-4F10-BB8F-CD5800FDACBE-108x192.jpg 108w, https:\/\/elpoderdelasasociaciones.org\/laboheme\/wp-content\/uploads\/2021\/10\/FD161514-1A15-4F10-BB8F-CD5800FDACBE-scaled.jpg 1440w\" sizes=\"auto, (max-width: 576px) 100vw, 576px\" \/><figcaption class=\"wp-element-caption\">Ya estamos en marcha<\/figcaption><\/figure>\n\n\n\n<figure class=\"wp-block-image size-large\"><img loading=\"lazy\" decoding=\"async\" width=\"576\" height=\"1024\" data-id=\"61\" src=\"http:\/\/elpoderdelasasociaciones.org\/laboheme\/wp-content\/uploads\/2021\/10\/BF0D3543-930C-45F7-A1E7-F9A721A1C31E-576x1024.jpg\" alt=\"\" class=\"wp-image-61\" srcset=\"https:\/\/elpoderdelasasociaciones.org\/laboheme\/wp-content\/uploads\/2021\/10\/BF0D3543-930C-45F7-A1E7-F9A721A1C31E-576x1024.jpg 576w, https:\/\/elpoderdelasasociaciones.org\/laboheme\/wp-content\/uploads\/2021\/10\/BF0D3543-930C-45F7-A1E7-F9A721A1C31E-169x300.jpg 169w, https:\/\/elpoderdelasasociaciones.org\/laboheme\/wp-content\/uploads\/2021\/10\/BF0D3543-930C-45F7-A1E7-F9A721A1C31E-768x1365.jpg 768w, https:\/\/elpoderdelasasociaciones.org\/laboheme\/wp-content\/uploads\/2021\/10\/BF0D3543-930C-45F7-A1E7-F9A721A1C31E-865x1536.jpg 865w, https:\/\/elpoderdelasasociaciones.org\/laboheme\/wp-content\/uploads\/2021\/10\/BF0D3543-930C-45F7-A1E7-F9A721A1C31E-1153x2048.jpg 1153w, https:\/\/elpoderdelasasociaciones.org\/laboheme\/wp-content\/uploads\/2021\/10\/BF0D3543-930C-45F7-A1E7-F9A721A1C31E-108x192.jpg 108w, https:\/\/elpoderdelasasociaciones.org\/laboheme\/wp-content\/uploads\/2021\/10\/BF0D3543-930C-45F7-A1E7-F9A721A1C31E-scaled.jpg 1441w\" sizes=\"auto, (max-width: 576px) 100vw, 576px\" \/><figcaption class=\"wp-element-caption\">Nuestro lugar de descanso<\/figcaption><\/figure>\n\n\n\n<figure class=\"wp-block-image size-large\"><img loading=\"lazy\" decoding=\"async\" width=\"576\" height=\"1024\" data-id=\"60\" src=\"http:\/\/elpoderdelasasociaciones.org\/laboheme\/wp-content\/uploads\/2021\/10\/249DC051-878B-46B0-A75A-16E6F71F5679-576x1024.jpg\" alt=\"\" class=\"wp-image-60\" srcset=\"https:\/\/elpoderdelasasociaciones.org\/laboheme\/wp-content\/uploads\/2021\/10\/249DC051-878B-46B0-A75A-16E6F71F5679-576x1024.jpg 576w, https:\/\/elpoderdelasasociaciones.org\/laboheme\/wp-content\/uploads\/2021\/10\/249DC051-878B-46B0-A75A-16E6F71F5679-169x300.jpg 169w, https:\/\/elpoderdelasasociaciones.org\/laboheme\/wp-content\/uploads\/2021\/10\/249DC051-878B-46B0-A75A-16E6F71F5679-768x1365.jpg 768w, https:\/\/elpoderdelasasociaciones.org\/laboheme\/wp-content\/uploads\/2021\/10\/249DC051-878B-46B0-A75A-16E6F71F5679-865x1536.jpg 865w, https:\/\/elpoderdelasasociaciones.org\/laboheme\/wp-content\/uploads\/2021\/10\/249DC051-878B-46B0-A75A-16E6F71F5679-1153x2048.jpg 1153w, https:\/\/elpoderdelasasociaciones.org\/laboheme\/wp-content\/uploads\/2021\/10\/249DC051-878B-46B0-A75A-16E6F71F5679-108x192.jpg 108w, https:\/\/elpoderdelasasociaciones.org\/laboheme\/wp-content\/uploads\/2021\/10\/249DC051-878B-46B0-A75A-16E6F71F5679-scaled.jpg 1441w\" sizes=\"auto, (max-width: 576px) 100vw, 576px\" \/><figcaption class=\"wp-element-caption\">Detalles decorativos<\/figcaption><\/figure>\n<\/figure>\n\n\n\n<p>PRIMEROS D\u00cdAS<\/p>\n<\/div><\/div>\n\n\n\n<figure class=\"wp-block-gallery has-nested-images columns-default is-cropped wp-block-gallery-2 is-layout-flex wp-block-gallery-is-layout-flex\">\n<figure class=\"wp-block-image size-large\"><img loading=\"lazy\" decoding=\"async\" width=\"576\" height=\"1024\" data-id=\"64\" src=\"http:\/\/elpoderdelasasociaciones.org\/laboheme\/wp-content\/uploads\/2021\/10\/5C2DC4EC-FA33-4B37-86FB-8F68B582A77B-576x1024.jpg\" alt=\"\" class=\"wp-image-64\" srcset=\"https:\/\/elpoderdelasasociaciones.org\/laboheme\/wp-content\/uploads\/2021\/10\/5C2DC4EC-FA33-4B37-86FB-8F68B582A77B-576x1024.jpg 576w, https:\/\/elpoderdelasasociaciones.org\/laboheme\/wp-content\/uploads\/2021\/10\/5C2DC4EC-FA33-4B37-86FB-8F68B582A77B-169x300.jpg 169w, https:\/\/elpoderdelasasociaciones.org\/laboheme\/wp-content\/uploads\/2021\/10\/5C2DC4EC-FA33-4B37-86FB-8F68B582A77B-768x1365.jpg 768w, https:\/\/elpoderdelasasociaciones.org\/laboheme\/wp-content\/uploads\/2021\/10\/5C2DC4EC-FA33-4B37-86FB-8F68B582A77B-865x1536.jpg 865w, https:\/\/elpoderdelasasociaciones.org\/laboheme\/wp-content\/uploads\/2021\/10\/5C2DC4EC-FA33-4B37-86FB-8F68B582A77B-1153x2048.jpg 1153w, https:\/\/elpoderdelasasociaciones.org\/laboheme\/wp-content\/uploads\/2021\/10\/5C2DC4EC-FA33-4B37-86FB-8F68B582A77B-108x192.jpg 108w, https:\/\/elpoderdelasasociaciones.org\/laboheme\/wp-content\/uploads\/2021\/10\/5C2DC4EC-FA33-4B37-86FB-8F68B582A77B-scaled.jpg 1441w\" sizes=\"auto, (max-width: 576px) 100vw, 576px\" \/><figcaption class=\"wp-element-caption\">Primera parada en el campo<\/figcaption><\/figure>\n\n\n\n<figure class=\"wp-block-image size-large\"><img loading=\"lazy\" decoding=\"async\" width=\"576\" height=\"1024\" data-id=\"65\" src=\"http:\/\/elpoderdelasasociaciones.org\/laboheme\/wp-content\/uploads\/2021\/10\/42B37C75-4560-4D44-BDDF-7CDBAAD30A9E-576x1024.jpg\" alt=\"\" class=\"wp-image-65\" srcset=\"https:\/\/elpoderdelasasociaciones.org\/laboheme\/wp-content\/uploads\/2021\/10\/42B37C75-4560-4D44-BDDF-7CDBAAD30A9E-576x1024.jpg 576w, https:\/\/elpoderdelasasociaciones.org\/laboheme\/wp-content\/uploads\/2021\/10\/42B37C75-4560-4D44-BDDF-7CDBAAD30A9E-169x300.jpg 169w, https:\/\/elpoderdelasasociaciones.org\/laboheme\/wp-content\/uploads\/2021\/10\/42B37C75-4560-4D44-BDDF-7CDBAAD30A9E-768x1365.jpg 768w, https:\/\/elpoderdelasasociaciones.org\/laboheme\/wp-content\/uploads\/2021\/10\/42B37C75-4560-4D44-BDDF-7CDBAAD30A9E-865x1536.jpg 865w, https:\/\/elpoderdelasasociaciones.org\/laboheme\/wp-content\/uploads\/2021\/10\/42B37C75-4560-4D44-BDDF-7CDBAAD30A9E-1153x2048.jpg 1153w, https:\/\/elpoderdelasasociaciones.org\/laboheme\/wp-content\/uploads\/2021\/10\/42B37C75-4560-4D44-BDDF-7CDBAAD30A9E-108x192.jpg 108w, https:\/\/elpoderdelasasociaciones.org\/laboheme\/wp-content\/uploads\/2021\/10\/42B37C75-4560-4D44-BDDF-7CDBAAD30A9E-scaled.jpg 1441w\" sizes=\"auto, (max-width: 576px) 100vw, 576px\" \/><figcaption class=\"wp-element-caption\">Puesta de sol en Las Landas<\/figcaption><\/figure>\n\n\n\n<figure class=\"wp-block-image size-large\"><img loading=\"lazy\" decoding=\"async\" width=\"576\" height=\"1024\" data-id=\"66\" src=\"http:\/\/elpoderdelasasociaciones.org\/laboheme\/wp-content\/uploads\/2021\/10\/42231663-45DC-4703-AA0D-C3E2B4402531-576x1024.jpg\" alt=\"\" class=\"wp-image-66\" srcset=\"https:\/\/elpoderdelasasociaciones.org\/laboheme\/wp-content\/uploads\/2021\/10\/42231663-45DC-4703-AA0D-C3E2B4402531-576x1024.jpg 576w, https:\/\/elpoderdelasasociaciones.org\/laboheme\/wp-content\/uploads\/2021\/10\/42231663-45DC-4703-AA0D-C3E2B4402531-169x300.jpg 169w, https:\/\/elpoderdelasasociaciones.org\/laboheme\/wp-content\/uploads\/2021\/10\/42231663-45DC-4703-AA0D-C3E2B4402531-768x1365.jpg 768w, https:\/\/elpoderdelasasociaciones.org\/laboheme\/wp-content\/uploads\/2021\/10\/42231663-45DC-4703-AA0D-C3E2B4402531-865x1536.jpg 865w, https:\/\/elpoderdelasasociaciones.org\/laboheme\/wp-content\/uploads\/2021\/10\/42231663-45DC-4703-AA0D-C3E2B4402531-1153x2048.jpg 1153w, https:\/\/elpoderdelasasociaciones.org\/laboheme\/wp-content\/uploads\/2021\/10\/42231663-45DC-4703-AA0D-C3E2B4402531-108x192.jpg 108w, https:\/\/elpoderdelasasociaciones.org\/laboheme\/wp-content\/uploads\/2021\/10\/42231663-45DC-4703-AA0D-C3E2B4402531-scaled.jpg 1441w\" sizes=\"auto, (max-width: 576px) 100vw, 576px\" \/><figcaption class=\"wp-element-caption\">El rey de la casa disfrutando del sol<\/figcaption><\/figure>\n\n\n\n<figure class=\"wp-block-image size-large\"><img loading=\"lazy\" decoding=\"async\" width=\"576\" height=\"1024\" data-id=\"69\" src=\"http:\/\/elpoderdelasasociaciones.org\/laboheme\/wp-content\/uploads\/2021\/10\/ED472834-F441-480D-ABD0-32BF82974A24-576x1024.jpg\" alt=\"\" class=\"wp-image-69\" srcset=\"https:\/\/elpoderdelasasociaciones.org\/laboheme\/wp-content\/uploads\/2021\/10\/ED472834-F441-480D-ABD0-32BF82974A24-576x1024.jpg 576w, https:\/\/elpoderdelasasociaciones.org\/laboheme\/wp-content\/uploads\/2021\/10\/ED472834-F441-480D-ABD0-32BF82974A24-169x300.jpg 169w, https:\/\/elpoderdelasasociaciones.org\/laboheme\/wp-content\/uploads\/2021\/10\/ED472834-F441-480D-ABD0-32BF82974A24-768x1365.jpg 768w, https:\/\/elpoderdelasasociaciones.org\/laboheme\/wp-content\/uploads\/2021\/10\/ED472834-F441-480D-ABD0-32BF82974A24-865x1536.jpg 865w, https:\/\/elpoderdelasasociaciones.org\/laboheme\/wp-content\/uploads\/2021\/10\/ED472834-F441-480D-ABD0-32BF82974A24-1153x2048.jpg 1153w, https:\/\/elpoderdelasasociaciones.org\/laboheme\/wp-content\/uploads\/2021\/10\/ED472834-F441-480D-ABD0-32BF82974A24-108x192.jpg 108w, https:\/\/elpoderdelasasociaciones.org\/laboheme\/wp-content\/uploads\/2021\/10\/ED472834-F441-480D-ABD0-32BF82974A24-scaled.jpg 1441w\" sizes=\"auto, (max-width: 576px) 100vw, 576px\" \/><figcaption class=\"wp-element-caption\">Nuestro destino final<\/figcaption><\/figure>\n<\/figure>\n\n\n\n<p>Ruta 1. Por Pirineos (julio-agosto 2021) <\/p>\n\n\n\n<figure class=\"wp-block-image size-large\"><img loading=\"lazy\" decoding=\"async\" width=\"768\" height=\"1024\" src=\"http:\/\/elpoderdelasasociaciones.org\/laboheme\/wp-content\/uploads\/2024\/09\/image-768x1024.png\" alt=\"\" class=\"wp-image-901\" srcset=\"https:\/\/elpoderdelasasociaciones.org\/laboheme\/wp-content\/uploads\/2024\/09\/image-768x1024.png 768w, https:\/\/elpoderdelasasociaciones.org\/laboheme\/wp-content\/uploads\/2024\/09\/image-225x300.png 225w, https:\/\/elpoderdelasasociaciones.org\/laboheme\/wp-content\/uploads\/2024\/09\/image-1152x1536.png 1152w, https:\/\/elpoderdelasasociaciones.org\/laboheme\/wp-content\/uploads\/2024\/09\/image-1536x2048.png 1536w, https:\/\/elpoderdelasasociaciones.org\/laboheme\/wp-content\/uploads\/2024\/09\/image-144x192.png 144w, https:\/\/elpoderdelasasociaciones.org\/laboheme\/wp-content\/uploads\/2024\/09\/image.png 1920w\" sizes=\"auto, (max-width: 768px) 100vw, 768px\" \/><\/figure>\n\n\n\n<p>Ruta 2. La Europa imperial (agosto 2021)<br><br>Ruta 3. La Baviera (septiembre 2021) <\/p>\n\n\n\n<p>Ruta 4. Provence-alpes-c\u00f4te d\u2019azur (septiembre-octubre 2021) <\/p>\n\n\n\n<p>Ruta 5a. Italia, costa este (octubre 2021) <\/p>\n\n\n\n<p>Ruta 5b. Italia, costa oeste (noviembre 2021) <\/p>\n\n\n\n<p>Ruta 6. La Provence (noviembre 2021) <\/p>\n\n\n\n<p>Ruta 7. Levante espa\u00f1ol (diciembre 2021) <\/p>\n\n\n\n<p>Ruta 8. Extremadura (febrero 2022) <\/p>\n\n\n\n<p>Ruta 9. Sur de Portugal (febrero-marzo 2022) <\/p>\n\n\n\n<p>Ruta 10. Valle del Jerte y Portugal central (abril 2022) <\/p>\n\n\n\n<p>Ruta 11. La costa oeste de Francia direcci\u00f3n Par\u00eds (mayo 2022) <\/p>\n\n\n\n<p>Ruta 12. La costa azul (junio 2022) <\/p>\n\n\n\n<p>Ruta 13. De Mil\u00e1n a Venecia (julio 2022) <\/p>\n\n\n\n<p>Ruta 14. Suiza de sur a norte (julio-agosto 2022) <\/p>\n\n\n\n<p>Ruta 15. Alemania de sur a norte (agosto 2022) <\/p>\n\n\n\n<p>Ruta 16. Dinamarca: Jutlandia del Sur y Selandia (agosto 2022) <\/p>\n\n\n\n<p>Ruta 17. Dinamarca: Jutlandia Central y del Norte (agosto 2022) <\/p>\n\n\n\n<p>Ruta 18. Camino de Berl\u00edn (septiembre 2022) <\/p>\n\n\n\n<p>Ruta 19. Recorriendo Polonia (septiembre 2022) <\/p>\n\n\n\n<p>Ruta 20. De Praga a Par\u00eds (octubre 2022) <\/p>\n\n\n\n<p>Ruta 21. La Pen\u00ednsula Ib\u00e9rica de norte a sur (noviembre 2022) <\/p>\n\n\n\n<p>Ruta 22. El sur m\u00e1s desconocido (diciembre 2022) <\/p>\n\n\n\n<p>Ruta 23. Marruecos, primera incursi\u00f3n (enero 2023) <\/p>\n\n\n\n<p>Ruta 24. Portugal puro Alentejo (abril 2023) <\/p>\n\n\n\n<p>Ruta 25. Marruecos, segunda incursi\u00f3n (mayo 2023) <\/p>\n\n\n\n<p>Ruta 26. El sur de Inglaterra (julio 2023)<\/p>\n\n\n\n<p>Ruta 27. Escocia (julio 2023)<br><br>Ruta 28. El Pa\u00eds de Gales (agosto 2023)<br><br>Ruta 29. Normand\u00eda (agosto 2023)<br><br>Ruta 30. El Norte b\u00e1ltico (junio 2024)<br><br>Ruta 31. El Norte n\u00f3rdico Sur de Finlandia (julio 2024)<br><br>Ruta 32. El Norte n\u00f3rdico Hasta el c\u00edrculo Polar (julio 2024)<br><br>Ruta 33. El Norte n\u00f3rdico Suecia (julio 2024)<br><br><\/p>\n\n\n\n<div class=\"wp-block-group is-layout-grid wp-container-core-group-is-layout-9649a0d9 wp-block-group-is-layout-grid\">\n<figure class=\"wp-block-image size-large\"><img loading=\"lazy\" decoding=\"async\" width=\"768\" height=\"1024\" src=\"http:\/\/elpoderdelasasociaciones.org\/laboheme\/wp-content\/uploads\/2024\/09\/IMG_0314-768x1024.jpeg\" alt=\"\" class=\"wp-image-896\" srcset=\"https:\/\/elpoderdelasasociaciones.org\/laboheme\/wp-content\/uploads\/2024\/09\/IMG_0314-768x1024.jpeg 768w, https:\/\/elpoderdelasasociaciones.org\/laboheme\/wp-content\/uploads\/2024\/09\/IMG_0314-225x300.jpeg 225w, https:\/\/elpoderdelasasociaciones.org\/laboheme\/wp-content\/uploads\/2024\/09\/IMG_0314-1152x1536.jpeg 1152w, https:\/\/elpoderdelasasociaciones.org\/laboheme\/wp-content\/uploads\/2024\/09\/IMG_0314-144x192.jpeg 144w, https:\/\/elpoderdelasasociaciones.org\/laboheme\/wp-content\/uploads\/2024\/09\/IMG_0314.jpeg 1536w\" sizes=\"auto, (max-width: 768px) 100vw, 768px\" \/><\/figure>\n\n\n\n<figure class=\"wp-block-image size-large\"><img loading=\"lazy\" decoding=\"async\" width=\"768\" height=\"1024\" src=\"http:\/\/elpoderdelasasociaciones.org\/laboheme\/wp-content\/uploads\/2024\/09\/IMG_0315-768x1024.jpeg\" alt=\"\" class=\"wp-image-897\" srcset=\"https:\/\/elpoderdelasasociaciones.org\/laboheme\/wp-content\/uploads\/2024\/09\/IMG_0315-768x1024.jpeg 768w, https:\/\/elpoderdelasasociaciones.org\/laboheme\/wp-content\/uploads\/2024\/09\/IMG_0315-225x300.jpeg 225w, https:\/\/elpoderdelasasociaciones.org\/laboheme\/wp-content\/uploads\/2024\/09\/IMG_0315-1152x1536.jpeg 1152w, https:\/\/elpoderdelasasociaciones.org\/laboheme\/wp-content\/uploads\/2024\/09\/IMG_0315-144x192.jpeg 144w, https:\/\/elpoderdelasasociaciones.org\/laboheme\/wp-content\/uploads\/2024\/09\/IMG_0315.jpeg 1536w\" sizes=\"auto, (max-width: 768px) 100vw, 768px\" \/><\/figure>\n<\/div>\n","protected":false},"excerpt":{"rendered":"<p>LA PARTIDA PRIMEROS D\u00cdAS Ruta 1. Por Pirineos (julio-agosto 2021) Ruta 2. La Europa imperial (agosto 2021) Ruta 3. La Baviera (septiembre 2021) Ruta 4. Provence-alpes-c\u00f4te d\u2019azur (septiembre-octubre 2021) Ruta 5a. Italia, costa este (octubre 2021) Ruta 5b. Italia, costa oeste (noviembre 2021) Ruta 6. La Provence (noviembre 2021) Ruta 7. Levante espa\u00f1ol (diciembre 2021) &hellip; <a href=\"https:\/\/elpoderdelasasociaciones.org\/laboheme\/pagina-ejemplo\/\" class=\"more-link\">Contin\u00faa leyendo <span class=\"screen-reader-text\">Fotos<\/span><\/a><\/p>\n","protected":false},"author":1,"featured_media":0,"parent":0,"menu_order":0,"comment_status":"closed","ping_status":"open","template":"","meta":{"footnotes":""},"class_list":["post-2","page","type-page","status-publish","hentry"],"_links":{"self":[{"href":"https:\/\/elpoderdelasasociaciones.org\/laboheme\/wp-json\/wp\/v2\/pages\/2","targetHints":{"allow":["GET"]}}],"collection":[{"href":"https:\/\/elpoderdelasasociaciones.org\/laboheme\/wp-json\/wp\/v2\/pages"}],"about":[{"href":"https:\/\/elpoderdelasasociaciones.org\/laboheme\/wp-json\/wp\/v2\/types\/page"}],"author":[{"embeddable":true,"href":"https:\/\/elpoderdelasasociaciones.org\/laboheme\/wp-json\/wp\/v2\/users\/1"}],"replies":[{"embeddable":true,"href":"https:\/\/elpoderdelasasociaciones.org\/laboheme\/wp-json\/wp\/v2\/comments?post=2"}],"version-history":[{"count":36,"href":"https:\/\/elpoderdelasasociaciones.org\/laboheme\/wp-json\/wp\/v2\/pages\/2\/revisions"}],"predecessor-version":[{"id":902,"href":"https:\/\/elpoderdelasasociaciones.org\/laboheme\/wp-json\/wp\/v2\/pages\/2\/revisions\/902"}],"wp:attachment":[{"href":"https:\/\/elpoderdelasasociaciones.org\/laboheme\/wp-json\/wp\/v2\/media?parent=2"}],"curies":[{"name":"wp","href":"https:\/\/api.w.org\/{rel}","templated":true}]}}